{"id":374,"date":"2025-12-18T10:23:35","date_gmt":"2025-12-18T09:23:35","guid":{"rendered":"https:\/\/palestinejecrietonnom.com\/?page_id=374"},"modified":"2026-02-05T19:38:10","modified_gmt":"2026-02-05T18:38:10","slug":"stop-a-lislamophobie-detat","status":"publish","type":"page","link":"https:\/\/palestinejecrietonnom.com\/?page_id=374","title":{"rendered":"Stop \u00e0 l&rsquo;islamophobie d&rsquo;\u00c9tat"},"content":{"rendered":"\n<p class=\"has-x-large-font-size\">Stop \u00e0 l\u2019islamophobie d\u2019\u00c9tat<\/p>\n\n\n\n<p>En France, depuis le d\u00e9but du g\u00e9nocide, nous assistons \u00e0 une propagande m\u00e9diatique naus\u00e9abonde qui consiste \u00e0 remettre en cause le bilan humain, la famine\u2026 et que j\u2019ai d\u00e9velopp\u00e9e en d\u00e9tail dans mon livre. Parall\u00e8lement, la strat\u00e9gie du g\u00e9nocidaire Netanyahu a consist\u00e9 \u00e0 faire croire que le peuple palestinien, majoritairement musulman, est un peuple profond\u00e9ment antis\u00e9mite, alors que Gilbert Achcar, dans son essai <em>Les Arabes et la Shoah, <\/em>a mis en \u00e9vidence que d\u00e8s le d\u00e9but, la soci\u00e9t\u00e9 civile palestinienne et ses intellectuels ont massivement rejet\u00e9 le nazisme et se sont rang\u00e9s du c\u00f4t\u00e9 des Alli\u00e9s, tout en t\u00e9moignant une extr\u00eame compassion vis-\u00e0-vis des victimes. Pendant ce temps, la France collaborait avec les nazis&#8230;<\/p>\n\n\n\n<p>\u00a0\u00a0 C\u2019est justement cette propagande reposant sur le lien fantasm\u00e9 entre le fait d\u2019\u00eatre musulman et antis\u00e9mite qui continue \u00e0 \u00eatre v\u00e9hicul\u00e9e dans une grande partie des m\u00e9dias fran\u00e7ais, notamment France T\u00e9l\u00e9visions, par le biais de sa directrice des r\u00e9dactions nationales, Nathalie Saint-Cricq. Dans une s\u00e9quence particuli\u00e8rement choquante, elle reproche \u00e0 un parti politique de tenir des propos antis\u00e9mites pour obtenir le vote des musulmans. Elle a ensuite essay\u00e9 de rectifier sa pens\u00e9e en pr\u00e9cisant que la responsabilit\u00e9 incombait aux \u00e9lus en question mais il n\u2019en demeure pas moins que les propos de Nathalie Saint-Cricq sont profond\u00e9ment islamophobes dans la mesure o\u00f9 elle sous-entend tr\u00e8s clairement que les musulmans sont sensibles aux th\u00e8ses antis\u00e9mites ! Quelle honte, quel d\u00e9shonneur de tenir ces propos naus\u00e9abonds pour une personne qui jouit d\u2019un tel niveau de responsabilit\u00e9\u00a0de surcro\u00eet sur le service public, financ\u00e9 par nos imp\u00f4ts\u00a0! Lors de la commission d&rsquo;enqu\u00eate sur l&rsquo;audiovisuel public, fin janvier 2026, elle a assum\u00e9 ses propos. C&rsquo;est une islamophobe tellement d\u00e9complex\u00e9e qu&rsquo;elle ne se rend m\u00eame pas compte de la gravit\u00e9 de soup\u00e7onner les musulmans d&rsquo;\u00eatre particuli\u00e8rement r\u00e9ceptifs aux discours antis\u00e9mites. Pour cette raciste, les \u00e9lecteurs musulmans ne pourraient tout simplement pas \u00eatre s\u00e9duits, comme les \u00e9lecteurs non musulmans, par les mesures sociales propos\u00e9es par le parti des insoumis. Elle les stigmatise ainsi par rapport au reste de la population. Nous pouvons \u00e9galement citer une autre \u00ab\u00a0journaliste\u00a0\u00bb de Franceinfo : Sonia Chironi, qui s&rsquo;est insurg\u00e9e contre l&rsquo;augmentation du nombre de musulmans se rendant \u00e0 la mosqu\u00e9e. Ces d\u00e9clarations profond\u00e9ment racistes et islamophobes d\u00e9shonorent profond\u00e9ment, une fois de plus, le groupe France T\u00e9l\u00e9visions. Comment est-il possible de s&rsquo;insurger contre le fait que des fid\u00e8les pratiquent leur culte ? Cette \u00ab\u00a0journaliste\u00a0\u00bb s&rsquo;est-elle offusqu\u00e9e de voir des chr\u00e9tiens et des juifs se rendre \u00e0 l&rsquo;\u00e9glise et \u00e0 la synagogue ?<\/p>\n\n\n\n<p>&nbsp;&nbsp; Mais alors pourquoi l&rsquo;Arcom ne sanctionne-t-elle pas France T\u00e9l\u00e9visions pour ces s\u00e9quences inf\u00e2mes ? C&rsquo;est justement son r\u00f4le. Eh bien, peut-\u00eatre parce que l\u2019Autorit\u00e9 de r\u00e9gulation de la communication audiovisuelle et num\u00e9rique a agr\u00e9\u00e9 le CRIF comme \u00ab&nbsp;signaleur de confiance&nbsp;\u00bb. Le CRIF (Conseil Repr\u00e9sentatif des Institutions Juives de France) est charg\u00e9 de lutter contre l\u2019antis\u00e9mitisme et pr\u00e9tend d\u00e9fendre les valeurs de la R\u00e9publique. Or, difficile de d\u00e9fendre correctement de telles valeurs quand l&rsquo;un de ses repr\u00e9sentants a d\u00e9j\u00e0 tenu des propos islamophobes. En effet, Roger Cukierman, \u00e0 l\u2019\u00e9poque pr\u00e9sident du CRIF, d\u00e9clarait le 23 f\u00e9vrier 2015 lors d\u2019une interview sur Europe 1&nbsp;: \u00ab Toutes les violences aujourd\u2019hui sont commises par des jeunes musulmans \u00bb.<\/p>\n\n\n\n<p>&nbsp;&nbsp; Aujourd\u2019hui encore, l\u2019Arcom et son \u00ab&nbsp;signaleur de confiance&nbsp;\u00bb entretiennent l\u2019islamophobie dans les m\u00e9dias. Pire, ils n&rsquo;h\u00e9sitent pas \u00e0 mentir \u00e9hont\u00e9ment ! Ainsi, alors qu\u2019une enqu\u00eate de <em>Reporters Sans Fronti\u00e8res<\/em> expliquait que sur CNews les temps de parole accord\u00e9s aux \u00e9lus de gauche \u00e9taient diffus\u00e9s \u00e0 des heures de faible \u00e9coute et que ceux accord\u00e9s \u00e0 l\u2019extr\u00eame droite occupaient la premi\u00e8re position aux heures de grande \u00e9coute, l\u2019Arcom avait consid\u00e9r\u00e9 cette \u00e9tude comme \u00e9tant fausse. Menant sa propre analyse ind\u00e9pendante, <em>Lib\u00e9ration<\/em> venait confirmer les r\u00e9sultats de Reporters Sans Fronti\u00e8res. Mais alors pourquoi aller jusqu&rsquo;\u00e0 mentir pour prot\u00e9ger co\u00fbte que co\u00fbte CNews, un m\u00e9dia raciste, d\u2019extr\u00eame droite et qui stigmatise les musulmans \u00e0 longueur de journ\u00e9e ? Pourquoi l&rsquo;Arcom et le CRIF se d\u00e9shonorent-ils au plus haut point et vont \u00e0 l\u2019encontre des valeurs de la R\u00e9publique qu\u2019ils pr\u00e9tendent d\u00e9fendre ? Eh bien, peut-\u00eatre parce que <strong>cela permet au CRIF, soutien sans faille du r\u00e9gime sioniste, de nourrir la propagande &nbsp;islamophobe du g\u00e9nocidaire Netanyahu. Pour l\u2019Union Juive Fran\u00e7aise pour la Paix, \u00ab&nbsp;le statut de \u00ab&nbsp;signaleur de confiance&nbsp;\u00bb doit \u00eatre retir\u00e9 au CRIF<\/strong> car il \u00ab\u00a0soutient pleinement la politique coloniale\u00a0\u00bb et veut \u00ab\u00a0faire taire toute critique du sionisme et de l&rsquo;\u00c9tat isra\u00e9lien\u00a0\u00bb. (Communiqu\u00e9 de l&rsquo;UJFP du 15 mai 2025). Face \u00e0 des faits aussi graves, l&rsquo;inaction de l&rsquo;\u00c9tat, dont les hautes instances sont charg\u00e9es de d\u00e9signer les membres de l&rsquo;Arcom, d\u00e9montre bien que nous sommes dans une situation d&rsquo;islamophobie institutionnalis\u00e9e en France.<\/p>\n\n\n\n<p>   Comment ne pas remettre en cause l\u2019ind\u00e9pendance de Nathalie&nbsp;Saint-Cricq&nbsp;? &nbsp;Le 5 octobre 2025, elle participait \u00e0 une table ronde organis\u00e9e par le CRIF en compagnie de l\u2019ambassadeur de l\u2019\u00c9tat terroriste isra\u00e9lien et du n\u00e9gationniste Rapha\u00ebl Enthoven, le tutoyant et l\u2019appelant \u00ab&nbsp;mon ami&nbsp;\u00bb alors que celui-l\u00e0 m\u00eame avait affirm\u00e9 que les journalistes palestiniens \u00e9taient tous des terroristes. Rappelons qu\u2019ils ont \u00e9t\u00e9 les cibles privil\u00e9gi\u00e9es des g\u00e9nocidaires isra\u00e9liens.<\/p>\n\n\n\n<p>&nbsp;&nbsp; Dans ce contexte d\u2019islamophobie d\u00e9brid\u00e9e, le 29 octobre 2025, lors d\u2019une intervention au centre Begin de J\u00e9rusalem, l\u2019essayiste controvers\u00e9 Didier Meir Long expliquait en toute d\u00e9contraction que pour le CRIF, il a recens\u00e9 le nombre de musulmans en France. Pour ce faire, il a rencontr\u00e9 des membres des services de s\u00e9curit\u00e9 fran\u00e7ais et qu\u2019il a transmis ces informations \u00e0 l\u2019\u00c9tat voyou isra\u00e9lien (cf.vid\u00e9o ci-dessous).<\/p>\n\n\n\n<p>&nbsp; <strong>L\u2019absence de r\u00e9actions dans les m\u00e9dias en dit tr\u00e8s long sur l\u2019islamophobie en France. Pourtant ce qui se passe est gravissime. Les musulmans ont \u00e9t\u00e9 recens\u00e9s au profit d\u2019un r\u00e9gime terroriste et g\u00e9nocidaire, un r\u00e9gime d\u2019extr\u00eame droite pratiquant l\u2019apartheid,&nbsp;et cela avec la complicit\u00e9 de la France, comme il l\u2019a expliqu\u00e9 dans son intervention !!! Honte absolue \u00e0 la France qui agit en violation compl\u00e8te du principe de la\u00efcit\u00e9 dont elle ne cesse de se pr\u00e9valoir. Honte absolue \u00e0 la France qui renoue avec un pass\u00e9 ignoble et r\u00e9pugnant.<\/strong><\/p>\n\n\n\n<div class=\"wp-block-columns is-layout-flex wp-container-core-columns-is-layout-28f84493 wp-block-columns-is-layout-flex\">\n<div class=\"wp-block-column is-layout-flow wp-block-column-is-layout-flow\" style=\"flex-basis:25%\"><\/div>\n\n\n\n<div class=\"wp-block-column is-layout-flow wp-block-column-is-layout-flow\" style=\"flex-basis:50%\">\n<figure class=\"wp-block-video\"><video height=\"1280\" style=\"aspect-ratio: 720 \/ 1280;\" width=\"720\" controls src=\"https:\/\/palestinejecrietonnom.com\/wp-content\/uploads\/2025\/12\/islamophobie.mp4\"><\/video><\/figure>\n<\/div>\n\n\n\n<div class=\"wp-block-column is-layout-flow wp-block-column-is-layout-flow\" style=\"flex-basis:25%\"><\/div>\n<\/div>\n","protected":false},"excerpt":{"rendered":"<p>Stop \u00e0 l\u2019islamophobie d\u2019\u00c9tat En France, depuis le d\u00e9but du g\u00e9nocide, nous assistons \u00e0 une propagande m\u00e9diatique naus\u00e9abonde qui consiste \u00e0 remettre en cause le bilan humain, la famine\u2026 et que j\u2019ai d\u00e9velopp\u00e9e en d\u00e9tail dans mon livre. Parall\u00e8lement, la strat\u00e9gie du g\u00e9nocidaire Netanyahu a consist\u00e9 \u00e0 faire croire que le peuple palestinien, majoritairement musulman, [&hellip;]<\/p>\n","protected":false},"author":1,"featured_media":0,"parent":0,"menu_order":0,"comment_status":"closed","ping_status":"closed","template":"page-no-title","meta":{"footnotes":""},"class_list":["post-374","page","type-page","status-publish","hentry"],"_links":{"self":[{"href":"https:\/\/palestinejecrietonnom.com\/index.php?rest_route=\/wp\/v2\/pages\/374","targetHints":{"allow":["GET"]}}],"collection":[{"href":"https:\/\/palestinejecrietonnom.com\/index.php?rest_route=\/wp\/v2\/pages"}],"about":[{"href":"https:\/\/palestinejecrietonnom.com\/index.php?rest_route=\/wp\/v2\/types\/page"}],"author":[{"embeddable":true,"href":"https:\/\/palestinejecrietonnom.com\/index.php?rest_route=\/wp\/v2\/users\/1"}],"replies":[{"embeddable":true,"href":"https:\/\/palestinejecrietonnom.com\/index.php?rest_route=%2Fwp%2Fv2%2Fcomments&post=374"}],"version-history":[{"count":52,"href":"https:\/\/palestinejecrietonnom.com\/index.php?rest_route=\/wp\/v2\/pages\/374\/revisions"}],"predecessor-version":[{"id":551,"href":"https:\/\/palestinejecrietonnom.com\/index.php?rest_route=\/wp\/v2\/pages\/374\/revisions\/551"}],"wp:attachment":[{"href":"https:\/\/palestinejecrietonnom.com\/index.php?rest_route=%2Fwp%2Fv2%2Fmedia&parent=374"}],"curies":[{"name":"wp","href":"https:\/\/api.w.org\/{rel}","templated":true}]}}