{"id":346,"date":"2025-12-16T13:25:14","date_gmt":"2025-12-16T12:25:14","guid":{"rendered":"https:\/\/palestinejecrietonnom.com\/?page_id=346"},"modified":"2026-01-06T17:54:51","modified_gmt":"2026-01-06T16:54:51","slug":"urgence-famine","status":"publish","type":"page","link":"https:\/\/palestinejecrietonnom.com\/?page_id=346","title":{"rendered":"Urgence famine"},"content":{"rendered":"\n<p class=\"has-x-large-font-size\">Urgence famine<\/p>\n\n\n\n<p><strong>\u00ab&nbsp;Le monde ne doit toutefois pas se laisser berner. Le g\u00e9nocide perp\u00e9tr\u00e9 par Isra\u00ebl n\u2019a pas pris fin&nbsp;\u00bb.<\/strong> ( Agn\u00e8s Callamard, secr\u00e9taire g\u00e9n\u00e9rale d\u2019Amnesty International, communiqu\u00e9 du 27 novembre 2025).&nbsp;<\/p>\n\n\n\n<p>&nbsp;&nbsp; En effet depuis le soi-disant cessez-le-feu, au moins <strong>345 Palestiniens ont \u00e9t\u00e9 tu\u00e9s<\/strong> selon un d\u00e9compte de l\u2019AFP. De plus, l\u2019aide humanitaire qui devrait entrer de toute urgence et massivement n\u2019est achemin\u00e9e qu\u2019au compte-gouttes. \u00ab\u00a0Isra\u00ebl restreint s\u00e9v\u00e8rement l&rsquo;entr\u00e9e des denr\u00e9es\u00a0\u00bb explique Amnesty International. Le 1er janvier 2026, Isra\u00ebl confirme l&rsquo;interdiction de l&rsquo;acc\u00e8s \u00e0 la bande de Gaza \u00e0 37 ONG dont M\u00e9decins sans fronti\u00e8res. <strong>Qu&rsquo;est-ce qui justifie encore ces blocages mise \u00e0 part la logique g\u00e9nocidaire ? <\/strong> Certains sionistes extr\u00e9mistes s&rsquo;organisent \u00e9galement pour bloquer des camions. La population est affam\u00e9e, <strong>les nourrissons agonisent<\/strong> <strong>litt\u00e9ralement de faim.<\/strong> Les vid\u00e9os sont insoutenables. Sur les plus jeunes, les cons\u00e9quences de la famine sont d\u00e9sastreuses, dramatiques et irr\u00e9versibles en termes de retard de d\u00e9veloppement, de troubles moteurs et mentaux. Malgr\u00e9 la restitution des otages, nous continuons \u00e0 assister impuissants \u00e0 la cruaut\u00e9 du r\u00e9gime sioniste qui n\u2019a aucune limite et qui met en \u00e9vidence une id\u00e9ologie nazie&nbsp;: celle de vouloir exterminer tout un peuple. Ne restons pas silencieux face \u00e0 cette barbarie inou\u00efe, continuons \u00e0 agir sur tous les leviers possibles : pressions sur les diff\u00e9rents gouvernements, manifestations, boycott des produits isra\u00e9liens, dons&#8230;<\/p>\n\n\n\n<p>&nbsp;&nbsp; <strong>Comme je l\u2019ai d\u00e9j\u00e0 mentionn\u00e9, les b\u00e9n\u00e9fices des ventes de mon livre seront revers\u00e9s aux victimes du g\u00e9nocide.<\/strong><\/p>\n\n\n\n<p><\/p>\n\n\n\n<div class=\"wp-block-columns is-layout-flex wp-container-core-columns-is-layout-28f84493 wp-block-columns-is-layout-flex\">\n<div class=\"wp-block-column is-layout-flow wp-block-column-is-layout-flow\" style=\"flex-basis:50%\">\n<figure class=\"wp-block-video\"><video height=\"1280\" style=\"aspect-ratio: 720 \/ 1280;\" width=\"720\" controls src=\"https:\/\/palestinejecrietonnom.com\/wp-content\/uploads\/2025\/12\/famine.mp4\"><\/video><\/figure>\n<\/div>\n\n\n\n<div class=\"wp-block-column is-layout-flow wp-block-column-is-layout-flow\" style=\"flex-basis:50%\">\n<figure class=\"wp-block-video\"><video height=\"1024\" style=\"aspect-ratio: 576 \/ 1024;\" width=\"576\" controls src=\"https:\/\/palestinejecrietonnom.com\/wp-content\/uploads\/2026\/01\/VID-20260106-WA0001.mp4\"><\/video><\/figure>\n<\/div>\n<\/div>\n\n\n\n<p><\/p>\n\n\n\n<p><\/p>\n","protected":false},"excerpt":{"rendered":"<p>Urgence famine \u00ab&nbsp;Le monde ne doit toutefois pas se laisser berner. Le g\u00e9nocide perp\u00e9tr\u00e9 par Isra\u00ebl n\u2019a pas pris fin&nbsp;\u00bb. ( Agn\u00e8s Callamard, secr\u00e9taire g\u00e9n\u00e9rale d\u2019Amnesty International, communiqu\u00e9 du 27 novembre 2025).&nbsp; &nbsp;&nbsp; En effet depuis le soi-disant cessez-le-feu, au moins 345 Palestiniens ont \u00e9t\u00e9 tu\u00e9s selon un d\u00e9compte de l\u2019AFP. De plus, l\u2019aide humanitaire [&hellip;]<\/p>\n","protected":false},"author":1,"featured_media":0,"parent":0,"menu_order":0,"comment_status":"closed","ping_status":"closed","template":"page-no-title","meta":{"footnotes":""},"class_list":["post-346","page","type-page","status-publish","hentry"],"_links":{"self":[{"href":"https:\/\/palestinejecrietonnom.com\/index.php?rest_route=\/wp\/v2\/pages\/346","targetHints":{"allow":["GET"]}}],"collection":[{"href":"https:\/\/palestinejecrietonnom.com\/index.php?rest_route=\/wp\/v2\/pages"}],"about":[{"href":"https:\/\/palestinejecrietonnom.com\/index.php?rest_route=\/wp\/v2\/types\/page"}],"author":[{"embeddable":true,"href":"https:\/\/palestinejecrietonnom.com\/index.php?rest_route=\/wp\/v2\/users\/1"}],"replies":[{"embeddable":true,"href":"https:\/\/palestinejecrietonnom.com\/index.php?rest_route=%2Fwp%2Fv2%2Fcomments&post=346"}],"version-history":[{"count":16,"href":"https:\/\/palestinejecrietonnom.com\/index.php?rest_route=\/wp\/v2\/pages\/346\/revisions"}],"predecessor-version":[{"id":489,"href":"https:\/\/palestinejecrietonnom.com\/index.php?rest_route=\/wp\/v2\/pages\/346\/revisions\/489"}],"wp:attachment":[{"href":"https:\/\/palestinejecrietonnom.com\/index.php?rest_route=%2Fwp%2Fv2%2Fmedia&parent=346"}],"curies":[{"name":"wp","href":"https:\/\/api.w.org\/{rel}","templated":true}]}}