{"id":30,"date":"2025-05-28T06:36:13","date_gmt":"2025-05-28T04:36:13","guid":{"rendered":"http:\/\/localhost\/wordpress\/?page_id=30"},"modified":"2025-12-26T12:30:46","modified_gmt":"2025-12-26T11:30:46","slug":"bio","status":"publish","type":"page","link":"https:\/\/palestinejecrietonnom.com\/?page_id=30","title":{"rendered":"BIO"},"content":{"rendered":"\n<p class=\"has-x-large-font-size\">L&rsquo;auteure<\/p>\n\n\n\n<div class=\"wp-block-columns is-layout-flex wp-container-core-columns-is-layout-28f84493 wp-block-columns-is-layout-flex\">\n<div class=\"wp-block-column is-layout-flow wp-block-column-is-layout-flow\" style=\"flex-basis:100%\">\n<p class=\"has-text-align-left has-medium-font-size\"><br>N\u00e9e \u00e0 Mulhouse, j\u2019ai pass\u00e9 quelques ann\u00e9es \u00e0 Marseille, puis en r\u00e9gion parisienne o\u00f9 j\u2019ai \u00e9t\u00e9 professeure des \u00e9coles pendant trois ans. Petite, je voulais \u00eatre \u00e9crivain. Depuis tr\u00e8s jeune, j\u2019aimais lire et \u00e9crire des petites histoires, des po\u00e8mes\u2026 Je passais tous mes samedis apr\u00e8s-midis \u00e0 la biblioth\u00e8que de quartier, aux Coteaux, lieu culturel le plus accessible, o\u00f9 je d\u00e9vorais les livres. Je les consid\u00e9rais comme des tr\u00e9sors&nbsp;: <em>Les<\/em> <em>belles histoires, J\u2019aime lire,<\/em> <em>Le prince de Motordu&#8230;<\/em> mais aussi les documentaires \u00e0 travers lesquels j\u2019apprenais un tas de choses&nbsp;: <em>Astrapi\u2026<\/em> \u00c0 l\u2019adolescence et m\u00eame pendant quelques ann\u00e9es plus tard, je me suis d\u00e9sint\u00e9ress\u00e9e des livres, pour une raison que j\u2019ai encore du mal \u00e0 comprendre moi-m\u00eame et donc \u00e0 expliquer\u2026 Puis, je suis retourn\u00e9e \u00e0 la lecture \u00e0 un moment de ma vie o\u00f9 j\u2019avais besoin d\u2019\u00e9vasion. J\u2019ai ainsi retrouv\u00e9 un immense plaisir \u00e0 lire comme lorsque j\u2019\u00e9tais plus jeune. Et sans m\u00eame m\u2019en rendre compte, j\u2019ai r\u00e9alis\u00e9 mon r\u00eave d\u2019enfant en auto\u00e9ditant en 2008 mon premier roman <strong><em>Zut, c&rsquo;est la Zup !<\/em> <\/strong>qui a pour cadre le quartier des Coteaux, o\u00f9 j\u2019ai v\u00e9cu. En 2020, j\u2019ai publi\u00e9 <em><strong>Les gens du monde<\/strong><\/em>, un thriller psychologique o\u00f9 j\u2019aborde l&rsquo;un des pires scandales sanitaires aux \u00c9tats-Unis, celui de la prescription massive d&rsquo;antidouleurs \u00e0 base d&rsquo;opiac\u00e9s, qui est aussi une critique de l&rsquo;industrie pharmaceutique et de la soci\u00e9t\u00e9 am\u00e9ricaine.<\/p>\n<\/div>\n<\/div>\n\n\n\n<p><\/p>\n\n\n\n<p class=\"has-text-align-center has-large-font-size\">Autres ouvrages <\/p>\n\n\n\n<div class=\"wp-block-columns is-layout-flex wp-container-core-columns-is-layout-28f84493 wp-block-columns-is-layout-flex\">\n<div class=\"wp-block-column is-layout-flow wp-block-column-is-layout-flow\">\n<figure class=\"wp-block-image aligncenter size-full\"><a href=\"https:\/\/palestinejecrietonnom.com\/wp-content\/uploads\/2025\/08\/lgdm1.png\"><img loading=\"lazy\" decoding=\"async\" width=\"364\" height=\"542\" src=\"https:\/\/palestinejecrietonnom.com\/wp-content\/uploads\/2025\/08\/lgdm1.png\" alt=\"\" class=\"wp-image-169\" srcset=\"https:\/\/palestinejecrietonnom.com\/wp-content\/uploads\/2025\/08\/lgdm1.png 364w, https:\/\/palestinejecrietonnom.com\/wp-content\/uploads\/2025\/08\/lgdm1-201x300.png 201w\" sizes=\"auto, (max-width: 364px) 100vw, 364px\" \/><\/a><\/figure>\n<\/div>\n\n\n\n<div class=\"wp-block-column is-layout-flow wp-block-column-is-layout-flow\">\n<figure class=\"wp-block-image aligncenter size-full is-resized\"><a href=\"https:\/\/palestinejecrietonnom.com\/wp-content\/uploads\/2025\/08\/zclz1.png\"><img loading=\"lazy\" decoding=\"async\" width=\"371\" height=\"592\" src=\"https:\/\/palestinejecrietonnom.com\/wp-content\/uploads\/2025\/08\/zclz1.png\" alt=\"\" class=\"wp-image-172\" style=\"aspect-ratio:0.6266896137257554;width:340px;height:auto\" srcset=\"https:\/\/palestinejecrietonnom.com\/wp-content\/uploads\/2025\/08\/zclz1.png 371w, https:\/\/palestinejecrietonnom.com\/wp-content\/uploads\/2025\/08\/zclz1-188x300.png 188w\" sizes=\"auto, (max-width: 371px) 100vw, 371px\" \/><\/a><\/figure>\n<\/div>\n<\/div>\n\n\n\n<div class=\"wp-block-columns is-layout-flex wp-container-core-columns-is-layout-28f84493 wp-block-columns-is-layout-flex\">\n<div class=\"wp-block-column is-layout-flow wp-block-column-is-layout-flow\">\n<p class=\"has-text-align-center\">Les gens du monde<\/p>\n<\/div>\n\n\n\n<div class=\"wp-block-column is-layout-flow wp-block-column-is-layout-flow\">\n<p class=\"has-text-align-center\">Zut, c\u2019est la ZUP !<\/p>\n<\/div>\n<\/div>\n\n\n\n<div class=\"wp-block-columns is-layout-flex wp-container-core-columns-is-layout-28f84493 wp-block-columns-is-layout-flex\">\n<div class=\"wp-block-column is-layout-flow wp-block-column-is-layout-flow\">\n<div class=\"wp-block-buttons is-content-justification-center is-layout-flex wp-container-core-buttons-is-layout-a89b3969 wp-block-buttons-is-layout-flex\">\n<div class=\"wp-block-button\"><a class=\"wp-block-button__link wp-element-button\" href=\"https:\/\/palestinejecrietonnom.com\/?product=les-gens-du-monde\">D\u00e9couvrir<\/a><\/div>\n\n\n\n<div class=\"wp-block-button\"><a class=\"wp-block-button__link wp-element-button\" href=\"https:\/\/palestinejecrietonnom.com\/wp-content\/uploads\/2025\/12\/extrait-Les-gens-du-monde.pdf\">Lire le premier chapitre<\/a><\/div>\n<\/div>\n<\/div>\n\n\n\n<div class=\"wp-block-column is-layout-flow wp-block-column-is-layout-flow\">\n<div class=\"wp-block-buttons is-content-justification-center is-layout-flex wp-container-core-buttons-is-layout-a89b3969 wp-block-buttons-is-layout-flex\">\n<div class=\"wp-block-button\"><a class=\"wp-block-button__link wp-element-button\" href=\"https:\/\/palestinejecrietonnom.com\/?product=zut-cest-la-zup\">D\u00e9couvrir<\/a><\/div>\n\n\n\n<div class=\"wp-block-button\"><a class=\"wp-block-button__link wp-element-button\" href=\"https:\/\/palestinejecrietonnom.com\/wp-content\/uploads\/2025\/09\/zup-extrait.pdf\">Lire le premier chapitre<\/a><\/div>\n<\/div>\n<\/div>\n<\/div>\n\n\n\n<p><\/p>\n","protected":false},"excerpt":{"rendered":"<p>L&rsquo;auteure N\u00e9e \u00e0 Mulhouse, j\u2019ai pass\u00e9 quelques ann\u00e9es \u00e0 Marseille, puis en r\u00e9gion parisienne o\u00f9 j\u2019ai \u00e9t\u00e9 professeure des \u00e9coles pendant trois ans. Petite, je voulais \u00eatre \u00e9crivain. Depuis tr\u00e8s jeune, j\u2019aimais lire et \u00e9crire des petites histoires, des po\u00e8mes\u2026 Je passais tous mes samedis apr\u00e8s-midis \u00e0 la biblioth\u00e8que de quartier, aux Coteaux, lieu culturel [&hellip;]<\/p>\n","protected":false},"author":1,"featured_media":0,"parent":0,"menu_order":0,"comment_status":"closed","ping_status":"closed","template":"page-no-title","meta":{"footnotes":""},"class_list":["post-30","page","type-page","status-publish","hentry"],"_links":{"self":[{"href":"https:\/\/palestinejecrietonnom.com\/index.php?rest_route=\/wp\/v2\/pages\/30","targetHints":{"allow":["GET"]}}],"collection":[{"href":"https:\/\/palestinejecrietonnom.com\/index.php?rest_route=\/wp\/v2\/pages"}],"about":[{"href":"https:\/\/palestinejecrietonnom.com\/index.php?rest_route=\/wp\/v2\/types\/page"}],"author":[{"embeddable":true,"href":"https:\/\/palestinejecrietonnom.com\/index.php?rest_route=\/wp\/v2\/users\/1"}],"replies":[{"embeddable":true,"href":"https:\/\/palestinejecrietonnom.com\/index.php?rest_route=%2Fwp%2Fv2%2Fcomments&post=30"}],"version-history":[{"count":19,"href":"https:\/\/palestinejecrietonnom.com\/index.php?rest_route=\/wp\/v2\/pages\/30\/revisions"}],"predecessor-version":[{"id":474,"href":"https:\/\/palestinejecrietonnom.com\/index.php?rest_route=\/wp\/v2\/pages\/30\/revisions\/474"}],"wp:attachment":[{"href":"https:\/\/palestinejecrietonnom.com\/index.php?rest_route=%2Fwp%2Fv2%2Fmedia&parent=30"}],"curies":[{"name":"wp","href":"https:\/\/api.w.org\/{rel}","templated":true}]}}