{"id":136,"date":"2025-08-02T17:15:55","date_gmt":"2025-08-02T15:15:55","guid":{"rendered":"http:\/\/localhost\/wordpress\/?page_id=136"},"modified":"2025-12-12T21:39:18","modified_gmt":"2025-12-12T20:39:18","slug":"en-marche-vers-la-liberte","status":"publish","type":"page","link":"https:\/\/palestinejecrietonnom.com\/?page_id=136","title":{"rendered":"En marche vers la libert\u00e9"},"content":{"rendered":"\n<p class=\"has-text-align-left\"><\/p>\n\n\n\n<p class=\"has-text-align-left\" style=\"border-top-style:none;border-top-width:0px;border-right-style:none;border-right-width:0px;border-bottom-color:var(--wp--preset--color--background);border-bottom-width:75px;border-left-style:none;border-left-width:0px\">Plusieurs initiatives ont \u00e9t\u00e9 mises en place par des hommes et des femmes du monde entier pour tenter de briser le blocus humanitaire de Gaza\u00a0: la Flottille de la libert\u00e9, le\u00a0 \u00ab\u00a0Convoi Maghr\u00e9bin de la R\u00e9silience\u00a0\u00bb, la Marche pour Gaza\u2026 D\u2019autres ont refus\u00e9 de se rendre complices du g\u00e9nocide comme les dockers de Marseille-Fos. \u00c0 Roissy, les syndicats\u00a0Sud A\u00e9rien, CGT et FO\u00a0ont appel\u00e9 au blocage du\u00a0transport d\u2019armes \u00e0 destination d\u2019Isra\u00ebl\u00a0dans les a\u00e9roports fran\u00e7ais.  <\/p>\n\n\n\n<p><\/p>\n\n\n\n<h2 class=\"wp-block-heading\"><\/h2>\n\n\n\n<p class=\"has-text-align-center has-medium-font-size\"><strong>Le soul\u00e8vement<\/strong><\/p>\n\n\n\n<p><\/p>\n\n\n\n<p>Toi le dirigeant, le flatteur vil,<\/p>\n\n\n\n<p>Ravale tes larmes de crocodile<\/p>\n\n\n\n<p>Car elles sont bien plus viles<\/p>\n\n\n\n<p>Que le venin du reptile.<\/p>\n\n\n\n<p><\/p>\n\n\n\n<p>D\u00e9pourvu de dignit\u00e9, de courage,<\/p>\n\n\n\n<p>Tu ploies sous le d\u00e9shonneur<\/p>\n\n\n\n<p>Telle une brindille pendant l\u2019orage.<\/p>\n\n\n\n<p>Ton attitude n\u2019est qu\u2019un leurre<\/p>\n\n\n\n<p>Faisant rougir le pire des acteurs.<\/p>\n\n\n\n<p><\/p>\n\n\n\n<p>Obs\u00e9quieux, louangeur,<\/p>\n\n\n\n<p>Complaisant et flagorneur<\/p>\n\n\n\n<p>Au service du dominateur.<\/p>\n\n\n\n<p>Quelques larmes pour les indigents,<\/p>\n\n\n\n<p>Pendant que tu armes les puissants.<\/p>\n\n\n\n<p><\/p>\n\n\n\n<p>Toi le rampant, le d\u00e9f\u00e9rent,<\/p>\n\n\n\n<p>Faussement compatissant,<\/p>\n\n\n\n<p>Instrument des puissants,<\/p>\n\n\n\n<p>\u00c0 qui tu as pr\u00eat\u00e9 serment,<\/p>\n\n\n\n<p>Tu armes l\u2019occupant<\/p>\n\n\n\n<p>Pour tuer des innocents.<\/p>\n\n\n\n<p>Bient\u00f4t tu seras du nombre des perdants.<\/p>\n\n\n\n<p><\/p>\n\n\n\n<p>Toi l\u2019hypocrite, l\u2019agenouill\u00e9,<\/p>\n\n\n\n<p>Sois assur\u00e9 que ta servilit\u00e9<\/p>\n\n\n\n<p>Dans l\u2019Histoire te fera entrer.<\/p>\n\n\n\n<p>Et si tu veux savoir ce qu\u2019est la Dignit\u00e9,<\/p>\n\n\n\n<p>Observe le peuple s\u2019indigner.<\/p>\n\n\n\n<p>Et si tu veux savoir ce qu\u2019est l\u2019Humanit\u00e9,<\/p>\n\n\n\n<p>Observe le peuple se soulever.<\/p>\n\n\n\n<p><\/p>\n","protected":false},"excerpt":{"rendered":"<p>Plusieurs initiatives ont \u00e9t\u00e9 mises en place par des hommes et des femmes du monde entier pour tenter de briser le blocus humanitaire de Gaza\u00a0: la Flottille de la libert\u00e9, le\u00a0 \u00ab\u00a0Convoi Maghr\u00e9bin de la R\u00e9silience\u00a0\u00bb, la Marche pour Gaza\u2026 D\u2019autres ont refus\u00e9 de se rendre complices du g\u00e9nocide comme les dockers de Marseille-Fos. \u00c0 [&hellip;]<\/p>\n","protected":false},"author":1,"featured_media":0,"parent":0,"menu_order":0,"comment_status":"closed","ping_status":"closed","template":"page-no-title","meta":{"footnotes":""},"class_list":["post-136","page","type-page","status-publish","hentry"],"_links":{"self":[{"href":"https:\/\/palestinejecrietonnom.com\/index.php?rest_route=\/wp\/v2\/pages\/136","targetHints":{"allow":["GET"]}}],"collection":[{"href":"https:\/\/palestinejecrietonnom.com\/index.php?rest_route=\/wp\/v2\/pages"}],"about":[{"href":"https:\/\/palestinejecrietonnom.com\/index.php?rest_route=\/wp\/v2\/types\/page"}],"author":[{"embeddable":true,"href":"https:\/\/palestinejecrietonnom.com\/index.php?rest_route=\/wp\/v2\/users\/1"}],"replies":[{"embeddable":true,"href":"https:\/\/palestinejecrietonnom.com\/index.php?rest_route=%2Fwp%2Fv2%2Fcomments&post=136"}],"version-history":[{"count":21,"href":"https:\/\/palestinejecrietonnom.com\/index.php?rest_route=\/wp\/v2\/pages\/136\/revisions"}],"predecessor-version":[{"id":340,"href":"https:\/\/palestinejecrietonnom.com\/index.php?rest_route=\/wp\/v2\/pages\/136\/revisions\/340"}],"wp:attachment":[{"href":"https:\/\/palestinejecrietonnom.com\/index.php?rest_route=%2Fwp%2Fv2%2Fmedia&parent=136"}],"curies":[{"name":"wp","href":"https:\/\/api.w.org\/{rel}","templated":true}]}}